{"id":22,"date":"2018-07-11T16:05:15","date_gmt":"2018-07-11T19:05:15","guid":{"rendered":"https:\/\/www.institutoempresarial.com.br\/site\/?page_id=22"},"modified":"2025-07-07T07:17:11","modified_gmt":"2025-07-07T10:17:11","slug":"clientes","status":"publish","type":"page","link":"https:\/\/www.institutoempresarial.com.br\/site\/clientes\/","title":{"rendered":"Clientes"},"content":{"rendered":"\t\t<div data-elementor-type=\"wp-page\" data-elementor-id=\"22\" class=\"elementor elementor-22\" data-elementor-post-type=\"page\">\n\t\t\t\t\t\t<section class=\"elementor-section elementor-top-section elementor-element elementor-element-3344d6f3 elementor-section-boxed elementor-section-height-default elementor-section-height-default\" data-id=\"3344d6f3\" data-element_type=\"section\" data-e-type=\"section\">\n\t\t\t\t\t\t<div class=\"elementor-container elementor-column-gap-default\">\n\t\t\t\t\t<div class=\"elementor-column elementor-col-100 elementor-top-column elementor-element elementor-element-7309ce4c\" data-id=\"7309ce4c\" data-element_type=\"column\" data-e-type=\"column\">\n\t\t\t<div class=\"elementor-widget-wrap elementor-element-populated\">\n\t\t\t\t\t\t<div class=\"elementor-element elementor-element-4ad75b94 eael-dual-header-content-align-center elementor-widget elementor-widget-eael-dual-color-header\" data-id=\"4ad75b94\" data-element_type=\"widget\" data-e-type=\"widget\" data-widget_type=\"eael-dual-color-header.default\">\n\t\t\t\t\t\t\t\t<div class=\"eael-dual-header\">\n\t\t\t\t<h2 class=\"title eael-dch-title\"><span class=\"eael-dch-title-text eael-dch-title-lead lead solid-color\">Nossos<\/span> <span class=\"eael-dch-title-text\">Clientes<\/span><\/h2>\t\t\t\t\t<span class=\"eael-dch-svg-icon\"><svg aria-hidden=\"true\" class=\"e-font-icon-svg e-fas-snowflake\" viewBox=\"0 0 448 512\" xmlns=\"http:\/\/www.w3.org\/2000\/svg\"><path d=\"M440.3 345.2l-33.8-19.5 26-7c8.2-2.2 13.1-10.7 10.9-18.9l-4-14.9c-2.2-8.2-10.7-13.1-18.9-10.9l-70.8 19-63.9-37 63.8-36.9 70.8 19c8.2 2.2 16.7-2.7 18.9-10.9l4-14.9c2.2-8.2-2.7-16.7-10.9-18.9l-26-7 33.8-19.5c7.4-4.3 9.9-13.7 5.7-21.1L430.4 119c-4.3-7.4-13.7-9.9-21.1-5.7l-33.8 19.5 7-26c2.2-8.2-2.7-16.7-10.9-18.9l-14.9-4c-8.2-2.2-16.7 2.7-18.9 10.9l-19 70.8-62.8 36.2v-77.5l53.7-53.7c6.2-6.2 6.2-16.4 0-22.6l-11.3-11.3c-6.2-6.2-16.4-6.2-22.6 0L256 56.4V16c0-8.8-7.2-16-16-16h-32c-8.8 0-16 7.2-16 16v40.4l-19.7-19.7c-6.2-6.2-16.4-6.2-22.6 0L138.3 48c-6.3 6.2-6.3 16.4 0 22.6l53.7 53.7v77.5l-62.8-36.2-19-70.8c-2.2-8.2-10.7-13.1-18.9-10.9l-14.9 4c-8.2 2.2-13.1 10.7-10.9 18.9l7 26-33.8-19.5c-7.4-4.3-16.8-1.7-21.1 5.7L2.1 145.7c-4.3 7.4-1.7 16.8 5.7 21.1l33.8 19.5-26 7c-8.3 2.2-13.2 10.7-11 19l4 14.9c2.2 8.2 10.7 13.1 18.9 10.9l70.8-19 63.8 36.9-63.8 36.9-70.8-19c-8.2-2.2-16.7 2.7-18.9 10.9l-4 14.9c-2.2 8.2 2.7 16.7 10.9 18.9l26 7-33.8 19.6c-7.4 4.3-9.9 13.7-5.7 21.1l15.5 26.8c4.3 7.4 13.7 9.9 21.1 5.7l33.8-19.5-7 26c-2.2 8.2 2.7 16.7 10.9 18.9l14.9 4c8.2 2.2 16.7-2.7 18.9-10.9l19-70.8 62.8-36.2v77.5l-53.7 53.7c-6.3 6.2-6.3 16.4 0 22.6l11.3 11.3c6.2 6.2 16.4 6.2 22.6 0l19.7-19.7V496c0 8.8 7.2 16 16 16h32c8.8 0 16-7.2 16-16v-40.4l19.7 19.7c6.2 6.2 16.4 6.2 22.6 0l11.3-11.3c6.2-6.2 6.2-16.4 0-22.6L256 387.7v-77.5l62.8 36.2 19 70.8c2.2 8.2 10.7 13.1 18.9 10.9l14.9-4c8.2-2.2 13.1-10.7 10.9-18.9l-7-26 33.8 19.5c7.4 4.3 16.8 1.7 21.1-5.7l15.5-26.8c4.3-7.3 1.8-16.8-5.6-21z\"><\/path><\/svg><\/span>\t\t\t\t\t\t\t<\/div>\n\n\t\t\t\t\t\t<\/div>\n\t\t\t\t<div class=\"elementor-element elementor-element-b091eea elementor-widget elementor-widget-text-editor\" data-id=\"b091eea\" data-element_type=\"widget\" data-e-type=\"widget\" data-widget_type=\"text-editor.default\">\n\t\t\t\t\t\t\t\t\t<ul><li>\u00d3tica Diniz Colatina e Bahia<\/li><li>Lavanderia Togo<\/li><li>Grupo Lot\u00e9rica Colatina, Linhares e S\u00e3o Mateus<\/li><li>Maria Lavadeira<\/li><li>Insectos<\/li><li>Cl\u00ednicas m\u00e9dicas e auto cl\u00ednica<\/li><li>Capixaba seguran\u00e7a<\/li><li>Grupo Moto Scarton<\/li><li>Grupo Ryan Bereta Veiculos e Empreendimentos<\/li><li>Beretta Construtora e Incorporadora.<\/li><li>Grupo Main Empreendimentos e Incorpora\u00e7\u00f5es<\/li><li>Grupo Beretta Veiculos (Marlos Bereta)<\/li><li>Grupo S\u00e3o Miguel<\/li><li>Grupo Granitos S\u00e3o Miguel<\/li><li>Grupo Remack \u2013 Irriga\u00e7\u00e3o e Pecu\u00e1ria<\/li><li>Insdustrias Bolzani<\/li><li>CDL \u2013 C\u00e2mara dos Dirigentes Lojistas de Colatina<br \/>Entre outros<\/li><\/ul>\t\t\t\t\t\t\t\t<\/div>\n\t\t\t\t\t<\/div>\n\t\t<\/div>\n\t\t\t\t\t<\/div>\n\t\t<\/section>\n\t\t\t\t<\/div>\n\t\t","protected":false},"excerpt":{"rendered":"<p>Nossos Clientes \u00d3tica Diniz Colatina e Bahia Lavanderia Togo Grupo Lot\u00e9rica Colatina, Linhares e S\u00e3o Mateus Maria Lavadeira Insectos Cl\u00ednicas m\u00e9dicas e auto cl\u00ednica Capixaba seguran\u00e7a Grupo Moto Scarton Grupo Ryan Bereta Veiculos e Empreendimentos Beretta Construtora e Incorporadora. Grupo Main Empreendimentos e Incorpora\u00e7\u00f5es Grupo Beretta Veiculos (Marlos Bereta) Grupo S\u00e3o Miguel Grupo Granitos S\u00e3o [&hellip;]<\/p>\n","protected":false},"author":1,"featured_media":0,"parent":0,"menu_order":0,"comment_status":"closed","ping_status":"closed","template":"","meta":{"site-sidebar-layout":"no-sidebar","site-content-layout":"page-builder","ast-site-content-layout":"default","site-content-style":"default","site-sidebar-style":"default","ast-global-header-display":"","ast-banner-title-visibility":"","ast-main-header-display":"","ast-hfb-above-header-display":"","ast-hfb-below-header-display":"","ast-hfb-mobile-header-display":"","site-post-title":"disabled","ast-breadcrumbs-content":"","ast-featured-img":"disabled","footer-sml-layout":"","ast-disable-related-posts":"","theme-transparent-header-meta":"","adv-header-id-meta":"","stick-header-meta":"","header-above-stick-meta":"","header-main-stick-meta":"","header-below-stick-meta":"","astra-migrate-meta-layouts":"default","ast-page-background-enabled":"default","ast-page-background-meta":{"desktop":{"background-color":"","background-image":"","background-repeat":"repeat","background-position":"center center","background-size":"auto","background-attachment":"scroll","background-type":"","background-media":"","overlay-type":"","overlay-color":"","overlay-opacity":"","overlay-gradient":""},"tablet":{"background-color":"","background-image":"","background-repeat":"repeat","background-position":"center center","background-size":"auto","background-attachment":"scroll","background-type":"","background-media":"","overlay-type":"","overlay-color":"","overlay-opacity":"","overlay-gradient":""},"mobile":{"background-color":"","background-image":"","background-repeat":"repeat","background-position":"center center","background-size":"auto","background-attachment":"scroll","background-type":"","background-media":"","overlay-type":"","overlay-color":"","overlay-opacity":"","overlay-gradient":""}},"ast-content-background-meta":{"desktop":{"background-color":"var(--ast-global-color-5)","background-image":"","background-repeat":"repeat","background-position":"center center","background-size":"auto","background-attachment":"scroll","background-type":"","background-media":"","overlay-type":"","overlay-color":"","overlay-opacity":"","overlay-gradient":""},"tablet":{"background-color":"var(--ast-global-color-5)","background-image":"","background-repeat":"repeat","background-position":"center center","background-size":"auto","background-attachment":"scroll","background-type":"","background-media":"","overlay-type":"","overlay-color":"","overlay-opacity":"","overlay-gradient":""},"mobile":{"background-color":"var(--ast-global-color-5)","background-image":"","background-repeat":"repeat","background-position":"center center","background-size":"auto","background-attachment":"scroll","background-type":"","background-media":"","overlay-type":"","overlay-color":"","overlay-opacity":"","overlay-gradient":""}},"footnotes":""},"class_list":["post-22","page","type-page","status-publish","hentry"],"_links":{"self":[{"href":"https:\/\/www.institutoempresarial.com.br\/site\/wp-json\/wp\/v2\/pages\/22","targetHints":{"allow":["GET"]}}],"collection":[{"href":"https:\/\/www.institutoempresarial.com.br\/site\/wp-json\/wp\/v2\/pages"}],"about":[{"href":"https:\/\/www.institutoempresarial.com.br\/site\/wp-json\/wp\/v2\/types\/page"}],"author":[{"embeddable":true,"href":"https:\/\/www.institutoempresarial.com.br\/site\/wp-json\/wp\/v2\/users\/1"}],"replies":[{"embeddable":true,"href":"https:\/\/www.institutoempresarial.com.br\/site\/wp-json\/wp\/v2\/comments?post=22"}],"version-history":[{"count":6,"href":"https:\/\/www.institutoempresarial.com.br\/site\/wp-json\/wp\/v2\/pages\/22\/revisions"}],"predecessor-version":[{"id":471,"href":"https:\/\/www.institutoempresarial.com.br\/site\/wp-json\/wp\/v2\/pages\/22\/revisions\/471"}],"wp:attachment":[{"href":"https:\/\/www.institutoempresarial.com.br\/site\/wp-json\/wp\/v2\/media?parent=22"}],"curies":[{"name":"wp","href":"https:\/\/api.w.org\/{rel}","templated":true}]}}