{"id":18,"date":"2018-07-11T16:05:15","date_gmt":"2018-07-11T19:05:15","guid":{"rendered":"https:\/\/www.institutoempresarial.com.br\/site\/?page_id=18"},"modified":"2025-04-03T15:39:19","modified_gmt":"2025-04-03T18:39:19","slug":"servicos-oferecidos","status":"publish","type":"page","link":"https:\/\/www.institutoempresarial.com.br\/site\/servicos-oferecidos\/","title":{"rendered":"Servi\u00e7os Oferecidos"},"content":{"rendered":"\t\t<div data-elementor-type=\"wp-page\" data-elementor-id=\"18\" class=\"elementor elementor-18\" data-elementor-post-type=\"page\">\n\t\t\t\t\t\t<section class=\"elementor-section elementor-top-section elementor-element elementor-element-41437898 elementor-section-boxed elementor-section-height-default elementor-section-height-default\" data-id=\"41437898\" data-element_type=\"section\" data-e-type=\"section\" data-settings=\"{&quot;background_background&quot;:&quot;classic&quot;}\">\n\t\t\t\t\t\t<div class=\"elementor-container elementor-column-gap-default\">\n\t\t\t\t\t<div class=\"elementor-column elementor-col-100 elementor-top-column elementor-element elementor-element-a5ee7bd\" data-id=\"a5ee7bd\" data-element_type=\"column\" data-e-type=\"column\">\n\t\t\t<div class=\"elementor-widget-wrap elementor-element-populated\">\n\t\t\t\t\t\t<div class=\"elementor-element elementor-element-b03941c eael-dual-header-content-align-center elementor-widget elementor-widget-eael-dual-color-header\" data-id=\"b03941c\" data-element_type=\"widget\" data-e-type=\"widget\" data-widget_type=\"eael-dual-color-header.default\">\n\t\t\t\t\t\t\t\t<div class=\"eael-dual-header\">\n\t\t\t\t<h2 class=\"title eael-dch-title\"><span class=\"eael-dch-title-text eael-dch-title-lead lead solid-color\">Servi\u00e7os oferecidos <\/span> <span class=\"eael-dch-title-text\">Confira os servi\u00e7os que disponibilizamos para voc\u00ea<\/span><\/h2>\t\t\t\t\t<span class=\"eael-dch-svg-icon\"><svg aria-hidden=\"true\" class=\"e-font-icon-svg e-fas-snowflake\" viewBox=\"0 0 448 512\" xmlns=\"http:\/\/www.w3.org\/2000\/svg\"><path d=\"M440.3 345.2l-33.8-19.5 26-7c8.2-2.2 13.1-10.7 10.9-18.9l-4-14.9c-2.2-8.2-10.7-13.1-18.9-10.9l-70.8 19-63.9-37 63.8-36.9 70.8 19c8.2 2.2 16.7-2.7 18.9-10.9l4-14.9c2.2-8.2-2.7-16.7-10.9-18.9l-26-7 33.8-19.5c7.4-4.3 9.9-13.7 5.7-21.1L430.4 119c-4.3-7.4-13.7-9.9-21.1-5.7l-33.8 19.5 7-26c2.2-8.2-2.7-16.7-10.9-18.9l-14.9-4c-8.2-2.2-16.7 2.7-18.9 10.9l-19 70.8-62.8 36.2v-77.5l53.7-53.7c6.2-6.2 6.2-16.4 0-22.6l-11.3-11.3c-6.2-6.2-16.4-6.2-22.6 0L256 56.4V16c0-8.8-7.2-16-16-16h-32c-8.8 0-16 7.2-16 16v40.4l-19.7-19.7c-6.2-6.2-16.4-6.2-22.6 0L138.3 48c-6.3 6.2-6.3 16.4 0 22.6l53.7 53.7v77.5l-62.8-36.2-19-70.8c-2.2-8.2-10.7-13.1-18.9-10.9l-14.9 4c-8.2 2.2-13.1 10.7-10.9 18.9l7 26-33.8-19.5c-7.4-4.3-16.8-1.7-21.1 5.7L2.1 145.7c-4.3 7.4-1.7 16.8 5.7 21.1l33.8 19.5-26 7c-8.3 2.2-13.2 10.7-11 19l4 14.9c2.2 8.2 10.7 13.1 18.9 10.9l70.8-19 63.8 36.9-63.8 36.9-70.8-19c-8.2-2.2-16.7 2.7-18.9 10.9l-4 14.9c-2.2 8.2 2.7 16.7 10.9 18.9l26 7-33.8 19.6c-7.4 4.3-9.9 13.7-5.7 21.1l15.5 26.8c4.3 7.4 13.7 9.9 21.1 5.7l33.8-19.5-7 26c-2.2 8.2 2.7 16.7 10.9 18.9l14.9 4c8.2 2.2 16.7-2.7 18.9-10.9l19-70.8 62.8-36.2v77.5l-53.7 53.7c-6.3 6.2-6.3 16.4 0 22.6l11.3 11.3c6.2 6.2 16.4 6.2 22.6 0l19.7-19.7V496c0 8.8 7.2 16 16 16h32c8.8 0 16-7.2 16-16v-40.4l19.7 19.7c6.2 6.2 16.4 6.2 22.6 0l11.3-11.3c6.2-6.2 6.2-16.4 0-22.6L256 387.7v-77.5l62.8 36.2 19 70.8c2.2 8.2 10.7 13.1 18.9 10.9l14.9-4c8.2-2.2 13.1-10.7 10.9-18.9l-7-26 33.8 19.5c7.4 4.3 16.8 1.7 21.1-5.7l15.5-26.8c4.3-7.3 1.8-16.8-5.6-21z\"><\/path><\/svg><\/span>\t\t\t\t\t\t\t<\/div>\n\n\t\t\t\t\t\t<\/div>\n\t\t\t\t<section class=\"elementor-section elementor-inner-section elementor-element elementor-element-253878e elementor-section-boxed elementor-section-height-default elementor-section-height-default\" data-id=\"253878e\" data-element_type=\"section\" data-e-type=\"section\">\n\t\t\t\t\t\t<div class=\"elementor-container elementor-column-gap-default\">\n\t\t\t\t\t<div class=\"elementor-column elementor-col-33 elementor-inner-column elementor-element elementor-element-4f44fdf\" data-id=\"4f44fdf\" data-element_type=\"column\" data-e-type=\"column\">\n\t\t\t<div class=\"elementor-widget-wrap elementor-element-populated\">\n\t\t\t\t\t\t<div class=\"elementor-element elementor-element-58cf086 elementor-view-default elementor-position-block-start elementor-mobile-position-block-start elementor-widget elementor-widget-icon-box\" data-id=\"58cf086\" data-element_type=\"widget\" data-e-type=\"widget\" data-widget_type=\"icon-box.default\">\n\t\t\t\t\t\t\t<div class=\"elementor-icon-box-wrapper\">\n\n\t\t\t\t\t\t<div class=\"elementor-icon-box-icon\">\n\t\t\t\t<span  class=\"elementor-icon\">\n\t\t\t\t<i class=\"fa fa-handshake-o\" aria-hidden=\"true\"><\/i>\t\t\t\t<\/span>\n\t\t\t<\/div>\n\t\t\t\n\t\t\t\t\t\t<div class=\"elementor-icon-box-content\">\n\n\t\t\t\t\t\t\t\t\t<h3 class=\"elementor-icon-box-title\">\n\t\t\t\t\t\t<span  >\n\t\t\t\t\t\t\tAssessoria\t\t\t\t\t\t<\/span>\n\t\t\t\t\t<\/h3>\n\t\t\t\t\n\t\t\t\t\t\t\t\t\t<p class=\"elementor-icon-box-description\">\n\t\t\t\t\t\tAux\u00edlio t\u00e9cnico dentro de nossa \u00e1rea de conhecimentos especializados, principalmente em quest\u00f5es cont\u00e1beis, trabalhistas e tribut\u00e1rias para atendimento das necessidades de pessoas f\u00edsicas, empresas, setor p\u00fablico e de organiza\u00e7\u00f5es n\u00e3o-governamentais.\n\t\t\t\t\t<\/p>\n\t\t\t\t\n\t\t\t<\/div>\n\t\t\t\n\t\t<\/div>\n\t\t\t\t\t\t<\/div>\n\t\t\t\t\t<\/div>\n\t\t<\/div>\n\t\t\t\t<div class=\"elementor-column elementor-col-33 elementor-inner-column elementor-element elementor-element-56502e6\" data-id=\"56502e6\" data-element_type=\"column\" data-e-type=\"column\">\n\t\t\t<div class=\"elementor-widget-wrap elementor-element-populated\">\n\t\t\t\t\t\t<div class=\"elementor-element elementor-element-53613b0 elementor-view-default elementor-position-block-start elementor-mobile-position-block-start elementor-widget elementor-widget-icon-box\" data-id=\"53613b0\" data-element_type=\"widget\" data-e-type=\"widget\" data-widget_type=\"icon-box.default\">\n\t\t\t\t\t\t\t<div class=\"elementor-icon-box-wrapper\">\n\n\t\t\t\t\t\t<div class=\"elementor-icon-box-icon\">\n\t\t\t\t<span  class=\"elementor-icon\">\n\t\t\t\t<i class=\"fa fa-graduation-cap\" aria-hidden=\"true\"><\/i>\t\t\t\t<\/span>\n\t\t\t<\/div>\n\t\t\t\n\t\t\t\t\t\t<div class=\"elementor-icon-box-content\">\n\n\t\t\t\t\t\t\t\t\t<h3 class=\"elementor-icon-box-title\">\n\t\t\t\t\t\t<span  >\n\t\t\t\t\t\t\tConsultoria\t\t\t\t\t\t<\/span>\n\t\t\t\t\t<\/h3>\n\t\t\t\t\n\t\t\t\t\t\t\t\t\t<p class=\"elementor-icon-box-description\">\n\t\t\t\t\t\tEstudo, opini\u00e3o e instru\u00e7\u00f5es t\u00e9cnicas acerca de assuntos de nossa especialidade, principalmente em procedimentos cont\u00e1beis, comerciais e fiscais (pessoa f\u00edsica e jur\u00eddica), reabertura e gest\u00e3o de neg\u00f3cios, administra\u00e7\u00e3o de pessoal e quest\u00f5es trabalhistas, atividades espec\u00edficas (rurais, condom\u00ednios, empregos dom\u00e9sticos, alugu\u00e9is, etc.) pessoa f\u00edsica (declara\u00e7\u00e3o de imposto de renda, ganho de capital).\n\t\t\t\t\t<\/p>\n\t\t\t\t\n\t\t\t<\/div>\n\t\t\t\n\t\t<\/div>\n\t\t\t\t\t\t<\/div>\n\t\t\t\t\t<\/div>\n\t\t<\/div>\n\t\t\t\t<div class=\"elementor-column elementor-col-33 elementor-inner-column elementor-element elementor-element-fee86a2\" data-id=\"fee86a2\" data-element_type=\"column\" data-e-type=\"column\">\n\t\t\t<div class=\"elementor-widget-wrap elementor-element-populated\">\n\t\t\t\t\t\t<div class=\"elementor-element elementor-element-aacbcd2 elementor-view-default elementor-position-block-start elementor-mobile-position-block-start elementor-widget elementor-widget-icon-box\" data-id=\"aacbcd2\" data-element_type=\"widget\" data-e-type=\"widget\" data-widget_type=\"icon-box.default\">\n\t\t\t\t\t\t\t<div class=\"elementor-icon-box-wrapper\">\n\n\t\t\t\t\t\t<div class=\"elementor-icon-box-icon\">\n\t\t\t\t<span  class=\"elementor-icon\">\n\t\t\t\t<i class=\"fa fa-sort-numeric-asc\" aria-hidden=\"true\"><\/i>\t\t\t\t<\/span>\n\t\t\t<\/div>\n\t\t\t\n\t\t\t\t\t\t<div class=\"elementor-icon-box-content\">\n\n\t\t\t\t\t\t\t\t\t<h3 class=\"elementor-icon-box-title\">\n\t\t\t\t\t\t<span  >\n\t\t\t\t\t\t\tContabilidade\t\t\t\t\t\t<\/span>\n\t\t\t\t\t<\/h3>\n\t\t\t\t\n\t\t\t\t\t\t\t\t\t<p class=\"elementor-icon-box-description\">\n\t\t\t\t\t\tAbertura, altera\u00e7\u00e3o e baixa de empresas. Contabilidade comercial, industrial e rural. Escritura\u00e7\u00e3o Fiscal e Folha de Pagamento. Demais assuntos relacionados \u00e0 servi\u00e7os cont\u00e1beis. Constitui\u00e7\u00e3o e dissolu\u00e7\u00e3o de empresas.\t\t\t\t\t<\/p>\n\t\t\t\t\n\t\t\t<\/div>\n\t\t\t\n\t\t<\/div>\n\t\t\t\t\t\t<\/div>\n\t\t\t\t\t<\/div>\n\t\t<\/div>\n\t\t\t\t\t<\/div>\n\t\t<\/section>\n\t\t\t\t<div class=\"elementor-element elementor-element-1858309 eael-dual-header-content-align-center elementor-widget elementor-widget-eael-dual-color-header\" data-id=\"1858309\" data-element_type=\"widget\" data-e-type=\"widget\" data-widget_type=\"eael-dual-color-header.default\">\n\t\t\t\t\t\t\t\t<div class=\"eael-dual-header\">\n\t\t\t\t<h2 class=\"title eael-dch-title\"><span class=\"eael-dch-title-text eael-dch-title-lead lead solid-color\">Auditorias<\/span> <span class=\"eael-dch-title-text\"><\/span><\/h2>\t\t\t\t\t<span class=\"eael-dch-svg-icon\"><svg aria-hidden=\"true\" class=\"e-font-icon-svg e-fas-snowflake\" viewBox=\"0 0 448 512\" xmlns=\"http:\/\/www.w3.org\/2000\/svg\"><path d=\"M440.3 345.2l-33.8-19.5 26-7c8.2-2.2 13.1-10.7 10.9-18.9l-4-14.9c-2.2-8.2-10.7-13.1-18.9-10.9l-70.8 19-63.9-37 63.8-36.9 70.8 19c8.2 2.2 16.7-2.7 18.9-10.9l4-14.9c2.2-8.2-2.7-16.7-10.9-18.9l-26-7 33.8-19.5c7.4-4.3 9.9-13.7 5.7-21.1L430.4 119c-4.3-7.4-13.7-9.9-21.1-5.7l-33.8 19.5 7-26c2.2-8.2-2.7-16.7-10.9-18.9l-14.9-4c-8.2-2.2-16.7 2.7-18.9 10.9l-19 70.8-62.8 36.2v-77.5l53.7-53.7c6.2-6.2 6.2-16.4 0-22.6l-11.3-11.3c-6.2-6.2-16.4-6.2-22.6 0L256 56.4V16c0-8.8-7.2-16-16-16h-32c-8.8 0-16 7.2-16 16v40.4l-19.7-19.7c-6.2-6.2-16.4-6.2-22.6 0L138.3 48c-6.3 6.2-6.3 16.4 0 22.6l53.7 53.7v77.5l-62.8-36.2-19-70.8c-2.2-8.2-10.7-13.1-18.9-10.9l-14.9 4c-8.2 2.2-13.1 10.7-10.9 18.9l7 26-33.8-19.5c-7.4-4.3-16.8-1.7-21.1 5.7L2.1 145.7c-4.3 7.4-1.7 16.8 5.7 21.1l33.8 19.5-26 7c-8.3 2.2-13.2 10.7-11 19l4 14.9c2.2 8.2 10.7 13.1 18.9 10.9l70.8-19 63.8 36.9-63.8 36.9-70.8-19c-8.2-2.2-16.7 2.7-18.9 10.9l-4 14.9c-2.2 8.2 2.7 16.7 10.9 18.9l26 7-33.8 19.6c-7.4 4.3-9.9 13.7-5.7 21.1l15.5 26.8c4.3 7.4 13.7 9.9 21.1 5.7l33.8-19.5-7 26c-2.2 8.2 2.7 16.7 10.9 18.9l14.9 4c8.2 2.2 16.7-2.7 18.9-10.9l19-70.8 62.8-36.2v77.5l-53.7 53.7c-6.3 6.2-6.3 16.4 0 22.6l11.3 11.3c6.2 6.2 16.4 6.2 22.6 0l19.7-19.7V496c0 8.8 7.2 16 16 16h32c8.8 0 16-7.2 16-16v-40.4l19.7 19.7c6.2 6.2 16.4 6.2 22.6 0l11.3-11.3c6.2-6.2 6.2-16.4 0-22.6L256 387.7v-77.5l62.8 36.2 19 70.8c2.2 8.2 10.7 13.1 18.9 10.9l14.9-4c8.2-2.2 13.1-10.7 10.9-18.9l-7-26 33.8 19.5c7.4 4.3 16.8 1.7 21.1-5.7l15.5-26.8c4.3-7.3 1.8-16.8-5.6-21z\"><\/path><\/svg><\/span>\t\t\t\t\t\t\t<\/div>\n\n\t\t\t\t\t\t<\/div>\n\t\t\t\t<div class=\"elementor-element elementor-element-4a2024d elementor-widget elementor-widget-text-editor\" data-id=\"4a2024d\" data-element_type=\"widget\" data-e-type=\"widget\" data-widget_type=\"text-editor.default\">\n\t\t\t\t\t\t\t\t\t<p>Revis\u00f5es em forma longa,&nbsp; e revis\u00f5es em balan\u00e7o; servi\u00e7os especializados em \u00e1reas com opera\u00e7\u00f5es de pessoal, gest\u00e3o e receitas e desembolso; Avalia\u00e7\u00e3o da situa\u00e7\u00e3o liquida patrimonial; Avalia\u00e7\u00e3o patrimonial para vendas ou privatiza\u00e7\u00f5es; Realiza\u00e7\u00e3o de <em>\u201cDue Diligence\u201d<\/em>, para&nbsp; aquisi\u00e7\u00e3o ou participa\u00e7\u00e3o societ\u00e1ria; An\u00e1lise e reconcilia\u00e7\u00e3o de contas, entre outras.<\/p>\n<p><strong>CONSULTORIA TRIBUT\u00c1RIA E SOCIET\u00c1RIA: GEST\u00c3O EFICAZ DA CARGA TRIBUT\u00c1RIA:<\/strong><\/p>\n<p>Altera\u00e7\u00f5es de capital; Constitui\u00e7\u00e3o de empresas, fus\u00f5es, cis\u00f5es e incorpora\u00e7\u00f5es, planejamento tribut\u00e1rio, a fim de detectar a possibilidade de redu\u00e7\u00e3o da carga tribut\u00e1ria das empresas, considerando ramo de atua\u00e7\u00e3o e porte; Reorganiza\u00e7\u00e3o societ\u00e1rias; Revis\u00e3o de declara\u00e7\u00f5es prestadas ao fisco, especialmente para pessoa f\u00edsica, bem como a grande preocupa\u00e7\u00e3o da atualidade, <strong><u>planejamento sucess\u00f3rio familiar.<\/u><\/strong><\/p>\n<p>Quanto aos servi\u00e7os de consultoria e assessoria, estamos permanentemente \u00e0 disposi\u00e7\u00e3o dos nossos clientes, oferecendo assim, uma maior agilidade no atendimento de suas necessidades.<\/p>\n<p>Na administra\u00e7\u00e3o dos d\u00e9bitos fiscais ou na identifica\u00e7\u00e3o, apura\u00e7\u00e3o e recupera\u00e7\u00e3o de cr\u00e9ditos fiscais, disponibilizamos de equipes de t\u00e9cnicos que providenciar\u00e3o um completo levantamento dos dados na pr\u00f3pria empresa contratante.<\/p>\t\t\t\t\t\t\t\t<\/div>\n\t\t\t\t<div class=\"elementor-element elementor-element-1976be76 eael-dual-header-content-align-center elementor-widget elementor-widget-eael-dual-color-header\" data-id=\"1976be76\" data-element_type=\"widget\" data-e-type=\"widget\" data-widget_type=\"eael-dual-color-header.default\">\n\t\t\t\t\t\t\t\t<div class=\"eael-dual-header\">\n\t\t\t\t<h2 class=\"title eael-dch-title\"><span class=\"eael-dch-title-text eael-dch-title-lead lead solid-color\">PER\u00cdCIAS<\/span> <span class=\"eael-dch-title-text\"><\/span><\/h2>\t\t\t\t\t<span class=\"eael-dch-svg-icon\"><svg aria-hidden=\"true\" class=\"e-font-icon-svg e-fas-snowflake\" viewBox=\"0 0 448 512\" xmlns=\"http:\/\/www.w3.org\/2000\/svg\"><path d=\"M440.3 345.2l-33.8-19.5 26-7c8.2-2.2 13.1-10.7 10.9-18.9l-4-14.9c-2.2-8.2-10.7-13.1-18.9-10.9l-70.8 19-63.9-37 63.8-36.9 70.8 19c8.2 2.2 16.7-2.7 18.9-10.9l4-14.9c2.2-8.2-2.7-16.7-10.9-18.9l-26-7 33.8-19.5c7.4-4.3 9.9-13.7 5.7-21.1L430.4 119c-4.3-7.4-13.7-9.9-21.1-5.7l-33.8 19.5 7-26c2.2-8.2-2.7-16.7-10.9-18.9l-14.9-4c-8.2-2.2-16.7 2.7-18.9 10.9l-19 70.8-62.8 36.2v-77.5l53.7-53.7c6.2-6.2 6.2-16.4 0-22.6l-11.3-11.3c-6.2-6.2-16.4-6.2-22.6 0L256 56.4V16c0-8.8-7.2-16-16-16h-32c-8.8 0-16 7.2-16 16v40.4l-19.7-19.7c-6.2-6.2-16.4-6.2-22.6 0L138.3 48c-6.3 6.2-6.3 16.4 0 22.6l53.7 53.7v77.5l-62.8-36.2-19-70.8c-2.2-8.2-10.7-13.1-18.9-10.9l-14.9 4c-8.2 2.2-13.1 10.7-10.9 18.9l7 26-33.8-19.5c-7.4-4.3-16.8-1.7-21.1 5.7L2.1 145.7c-4.3 7.4-1.7 16.8 5.7 21.1l33.8 19.5-26 7c-8.3 2.2-13.2 10.7-11 19l4 14.9c2.2 8.2 10.7 13.1 18.9 10.9l70.8-19 63.8 36.9-63.8 36.9-70.8-19c-8.2-2.2-16.7 2.7-18.9 10.9l-4 14.9c-2.2 8.2 2.7 16.7 10.9 18.9l26 7-33.8 19.6c-7.4 4.3-9.9 13.7-5.7 21.1l15.5 26.8c4.3 7.4 13.7 9.9 21.1 5.7l33.8-19.5-7 26c-2.2 8.2 2.7 16.7 10.9 18.9l14.9 4c8.2 2.2 16.7-2.7 18.9-10.9l19-70.8 62.8-36.2v77.5l-53.7 53.7c-6.3 6.2-6.3 16.4 0 22.6l11.3 11.3c6.2 6.2 16.4 6.2 22.6 0l19.7-19.7V496c0 8.8 7.2 16 16 16h32c8.8 0 16-7.2 16-16v-40.4l19.7 19.7c6.2 6.2 16.4 6.2 22.6 0l11.3-11.3c6.2-6.2 6.2-16.4 0-22.6L256 387.7v-77.5l62.8 36.2 19 70.8c2.2 8.2 10.7 13.1 18.9 10.9l14.9-4c8.2-2.2 13.1-10.7 10.9-18.9l-7-26 33.8 19.5c7.4 4.3 16.8 1.7 21.1-5.7l15.5-26.8c4.3-7.3 1.8-16.8-5.6-21z\"><\/path><\/svg><\/span>\t\t\t\t\t\t\t<\/div>\n\n\t\t\t\t\t\t<\/div>\n\t\t\t\t<div class=\"elementor-element elementor-element-a86a205 elementor-widget elementor-widget-text-editor\" data-id=\"a86a205\" data-element_type=\"widget\" data-e-type=\"widget\" data-widget_type=\"text-editor.default\">\n\t\t\t\t\t\t\t\t\t<p>Realiza\u00e7\u00e3o de per\u00edcias judiciais e extrajudiciais, de natureza econ\u00f4mica e cont\u00e1bil.<\/p>\t\t\t\t\t\t\t\t<\/div>\n\t\t\t\t\t<\/div>\n\t\t<\/div>\n\t\t\t\t\t<\/div>\n\t\t<\/section>\n\t\t\t\t<\/div>\n\t\t","protected":false},"excerpt":{"rendered":"<p>Servi\u00e7os oferecidos Confira os servi\u00e7os que disponibilizamos para voc\u00ea Assessoria Aux\u00edlio t\u00e9cnico dentro de nossa \u00e1rea de conhecimentos especializados, principalmente em quest\u00f5es cont\u00e1beis, trabalhistas e tribut\u00e1rias para atendimento das necessidades de pessoas f\u00edsicas, empresas, setor p\u00fablico e de organiza\u00e7\u00f5es n\u00e3o-governamentais. Consultoria Estudo, opini\u00e3o e instru\u00e7\u00f5es t\u00e9cnicas acerca de assuntos de nossa especialidade, principalmente em procedimentos [&hellip;]<\/p>\n","protected":false},"author":1,"featured_media":0,"parent":0,"menu_order":0,"comment_status":"closed","ping_status":"closed","template":"","meta":{"site-sidebar-layout":"no-sidebar","site-content-layout":"page-builder","ast-site-content-layout":"default","site-content-style":"default","site-sidebar-style":"default","ast-global-header-display":"","ast-banner-title-visibility":"","ast-main-header-display":"","ast-hfb-above-header-display":"","ast-hfb-below-header-display":"","ast-hfb-mobile-header-display":"","site-post-title":"disabled","ast-breadcrumbs-content":"","ast-featured-img":"disabled","footer-sml-layout":"","ast-disable-related-posts":"","theme-transparent-header-meta":"","adv-header-id-meta":"","stick-header-meta":"","header-above-stick-meta":"","header-main-stick-meta":"","header-below-stick-meta":"","astra-migrate-meta-layouts":"default","ast-page-background-enabled":"default","ast-page-background-meta":{"desktop":{"background-color":"","background-image":"","background-repeat":"repeat","background-position":"center center","background-size":"auto","background-attachment":"scroll","background-type":"","background-media":"","overlay-type":"","overlay-color":"","overlay-opacity":"","overlay-gradient":""},"tablet":{"background-color":"","background-image":"","background-repeat":"repeat","background-position":"center center","background-size":"auto","background-attachment":"scroll","background-type":"","background-media":"","overlay-type":"","overlay-color":"","overlay-opacity":"","overlay-gradient":""},"mobile":{"background-color":"","background-image":"","background-repeat":"repeat","background-position":"center center","background-size":"auto","background-attachment":"scroll","background-type":"","background-media":"","overlay-type":"","overlay-color":"","overlay-opacity":"","overlay-gradient":""}},"ast-content-background-meta":{"desktop":{"background-color":"var(--ast-global-color-5)","background-image":"","background-repeat":"repeat","background-position":"center center","background-size":"auto","background-attachment":"scroll","background-type":"","background-media":"","overlay-type":"","overlay-color":"","overlay-opacity":"","overlay-gradient":""},"tablet":{"background-color":"var(--ast-global-color-5)","background-image":"","background-repeat":"repeat","background-position":"center center","background-size":"auto","background-attachment":"scroll","background-type":"","background-media":"","overlay-type":"","overlay-color":"","overlay-opacity":"","overlay-gradient":""},"mobile":{"background-color":"var(--ast-global-color-5)","background-image":"","background-repeat":"repeat","background-position":"center center","background-size":"auto","background-attachment":"scroll","background-type":"","background-media":"","overlay-type":"","overlay-color":"","overlay-opacity":"","overlay-gradient":""}},"footnotes":""},"class_list":["post-18","page","type-page","status-publish","hentry"],"_links":{"self":[{"href":"https:\/\/www.institutoempresarial.com.br\/site\/wp-json\/wp\/v2\/pages\/18","targetHints":{"allow":["GET"]}}],"collection":[{"href":"https:\/\/www.institutoempresarial.com.br\/site\/wp-json\/wp\/v2\/pages"}],"about":[{"href":"https:\/\/www.institutoempresarial.com.br\/site\/wp-json\/wp\/v2\/types\/page"}],"author":[{"embeddable":true,"href":"https:\/\/www.institutoempresarial.com.br\/site\/wp-json\/wp\/v2\/users\/1"}],"replies":[{"embeddable":true,"href":"https:\/\/www.institutoempresarial.com.br\/site\/wp-json\/wp\/v2\/comments?post=18"}],"version-history":[{"count":5,"href":"https:\/\/www.institutoempresarial.com.br\/site\/wp-json\/wp\/v2\/pages\/18\/revisions"}],"predecessor-version":[{"id":302,"href":"https:\/\/www.institutoempresarial.com.br\/site\/wp-json\/wp\/v2\/pages\/18\/revisions\/302"}],"wp:attachment":[{"href":"https:\/\/www.institutoempresarial.com.br\/site\/wp-json\/wp\/v2\/media?parent=18"}],"curies":[{"name":"wp","href":"https:\/\/api.w.org\/{rel}","templated":true}]}}